{"id":1333,"date":"2024-05-03T16:54:31","date_gmt":"2024-05-03T14:54:31","guid":{"rendered":"https:\/\/mint-heldinnen.de\/fdaas-copy\/"},"modified":"2024-09-07T11:38:46","modified_gmt":"2024-09-07T09:38:46","slug":"ueber-uns","status":"publish","type":"page","link":"https:\/\/mint-heldinnen.de\/en\/ueber-uns\/","title":{"rendered":"About Us"},"content":{"rendered":"<!--themify_builder_content-->\n<div id=\"themify_builder_content-1333\" data-postid=\"1333\" class=\"themify_builder_content themify_builder_content-1333 themify_builder tf_clear\">\n                    <div  data-css_id=\"quy1578\" data-lazy=\"1\" class=\"module_row themify_builder_row fullwidth tb_quy1578 tb_first tf_w\">\n                        <div class=\"row_inner col_align_top tb_col_count_1 tf_box tf_rel\">\n                        <div  data-lazy=\"1\" class=\"module_column tb-column col-full tb_xigk578 first\">\n                    <!-- module text -->\n<div  class=\"module module-text tb_3tlt578  fullcover \" data-lazy=\"1\">\n        <div  class=\"tb_text_wrap\">\n        <h1 style=\"text-align: center;\">\u00dcber uns \u2013 die MINT-Heldinnen<\/h1>    <\/div>\n<\/div>\n<!-- \/module text --><!-- module image -->\n<div  class=\"module module-image tb_nuv0459 image-full-overlay   auto_fullwidth tf_mw\" data-lazy=\"1\">\n        <div class=\"image-wrap tf_rel tf_mw\">\n            <img decoding=\"async\" width=\"1658\" height=\"1247\" src=\"https:\/\/mint-heldinnen.de\/wp-content\/uploads\/2024\/05\/hi-erdling-m.png\" class=\"wp-post-image wp-image-1529\" title=\"hi-erdling-m\" alt=\"hi-erdling-m\" srcset=\"https:\/\/mint-heldinnen.de\/wp-content\/uploads\/2024\/05\/hi-erdling-m.png 1658w, https:\/\/mint-heldinnen.de\/wp-content\/uploads\/2024\/05\/hi-erdling-m-300x226.png 300w, https:\/\/mint-heldinnen.de\/wp-content\/uploads\/2024\/05\/hi-erdling-m-1024x770.png 1024w, https:\/\/mint-heldinnen.de\/wp-content\/uploads\/2024\/05\/hi-erdling-m-768x578.png 768w, https:\/\/mint-heldinnen.de\/wp-content\/uploads\/2024\/05\/hi-erdling-m-1536x1155.png 1536w, https:\/\/mint-heldinnen.de\/wp-content\/uploads\/2024\/05\/hi-erdling-m-16x12.png 16w\" sizes=\"(max-width: 1658px) 100vw, 1658px\" \/>    \n        <\/div>\n    <!-- \/image-wrap -->\n    \n        <\/div>\n<!-- \/module image -->        <\/div>\n                        <\/div>\n        <\/div>\n                        <div  data-lazy=\"1\" class=\"module_row themify_builder_row tb_tzqh416 tf_w\">\n                        <div class=\"row_inner col_align_top tb_col_count_1 tf_box tf_rel\">\n                        <div  data-lazy=\"1\" class=\"module_column tb-column col-full tb_klzl416 first\">\n                    <!-- module text -->\n<div  class=\"module module-text tb_h5s4416   \" data-lazy=\"1\">\n        <div  class=\"tb_text_wrap\">\n        <p style=\"text-align: center;\">Hi,\u00a0<\/p>\n<p style=\"text-align: center;\">wir sind junge Menschen, die sich mit MINT besch\u00e4ftigen. MINT steht f\u00fcr Mathematik, Informatik, Naturwissenschaft und Technik.\u00a0<\/p>\n<p style=\"text-align: center;\">Wir haben ein Hauptquartier in Berlin-Siemensstadt. Wir sind beherbergt beim WvSC e.V. \u2013 das ist das Werner von Siemens Centre for Industrie and Science \u2013 und bei INGenius an der TU Berlin. Wir haben da R\u00e4ume, Technik, Trainer*innen, viel Unterst\u00fctzung und Fantasie. <a href=\"\/team\">\u203a Das Team<\/a><\/p>\n<p style=\"text-align: center;\">Wir wollen vor allem junge Frauen und M\u00e4dchen f\u00f6rdern. Wir glauben, das ist wichtig und gut. Es d\u00fcrfen aber alle jungen Menschen mitmachen, so zwischen 10 und 16 Jahren.<\/p>\n<p style=\"text-align: center;\">Ihr seid die Zukunft und das wird unterst\u00fctzt und gef\u00f6rdert und zwar vom Bundesministerium f\u00fcr Bildung und Forschung. Es gibt MINT-Projekte in ganz Deutschland und wir sind eines davon. Vielen Dank.<\/p>\n<p style=\"text-align: center;\">Organisiert und durchgef\u00fchrt werden die MINT-Heldinnen vom WvSC, der TU-Berlin und Berlin Realities. Das ist eine verr\u00fcckte Mischung, denn das Ministerium will das alles m\u00f6glichst vielf\u00e4ltig ist. Gut.\u00a0<\/p>\n<p style=\"text-align: center;\">Wir haben verschiedene <a href=\"\/events\">Kurse und Events<\/a>. Jede*r ist willkommen. Mach doch mit. Wir freuen uns.<\/p>    <\/div>\n<\/div>\n<!-- \/module text -->        <\/div>\n                        <\/div>\n        <\/div>\n                        <div  data-css_id=\"w05s529\" data-lazy=\"1\" class=\"module_row themify_builder_row fullwidth tb_w05s529 tf_w\">\n                        <div class=\"row_inner col_align_top tb_col_count_1 tf_box tf_rel\">\n                        <div  data-lazy=\"1\" class=\"module_column tb-column col-full tb_3iuv529 first\">\n                    <!-- module plain text -->\n<div  class=\"module module-plain-text tb_363d157 \" data-lazy=\"1\">\n        <div class=\"tb_text_wrap\">\n    \n\n<div class='marquees'>\n\t<section class='marquee' style='--char-count: 28'>\n\t\t<div class='marquee--inner'>\n\t\t\t<p>Mach mit!<\/p>\n\t\t\t<p aria-hidden='true'>Mach mit!<\/p>\n\t\t\t<p aria-hidden='true'>Mach mit!<\/p>\n\t\t\t<p aria-hidden='true'>Mach mit!<\/p>\n\t\t\t<p aria-hidden='true'>Mach mit!<\/p>\n\t\t\t\t\t\t<p aria-hidden='true'>Mach mit!<\/p>\n\t\t<\/div>\n\t<\/section>\n\n\t<div class='marquee' style='--char-count: 30'>\n\t\t<div class='marquee--inner'>\n\t\t\t<p>Du hast ein Hirn in deinem Kopf<\/p>\n\t\t\t<p aria-hidden='true'>Du hast ein Hirn in deinem Kopf<\/p>\n\t\t\t<p aria-hidden='true'>Du hast ein Hirn in deinem Kopf<\/p>\n\t\t\t<p aria-hidden='true'>Du hast ein Hirn in deinem Kopf<\/p>\n\t\t\t<p aria-hidden='true'>Du hast ein Hirn in deinem Kopf<\/p>\n\t\t\t\t\t\t<p aria-hidden='true'>Du hast ein Hirn in deinem Kopf<\/p>\n\t\t<\/div>\n\t<\/div>\n\n\t<section class='marquee' style='--char-count: 22'>\n\t\t<div class='marquee--inner'>\n\t\t\t<p>Willommen!<\/p>\n\t\t\t<p aria-hidden='true'>Willkommen!<\/p>\n\t\t\t<p aria-hidden='true'>Willkommen!<\/p>\n\t\t\t<p aria-hidden='true'>Willkommen!<\/p>\n\t\t\t<p aria-hidden='true'>Willkommen!<\/p>\n\t\t\t\t\t\t<p aria-hidden='true'>Willkommen!<\/p>\n\t\t<\/div>\n\t<\/section>\n\n\t<section class='marquee' style='--char-count: 24'>\n\t\t<div class='marquee--inner'>\n\t\t\t<p>MINT-Heldinnen<\/p>\n\t\t\t<p aria-hidden='true'>MINT-Heldinnen<\/p>\n\t\t\t<p aria-hidden='true'>MINT-Heldinnen<\/p>\n\t\t\t<p aria-hidden='true'>MINT-Heldinnen<\/p>\n\t\t\t<p aria-hidden='true'>MINT-Heldinnen<\/p>\n\t\t\t\t\t\t<p aria-hidden='true'>MINT-Heldinnen<\/p>\n\t\t<\/div>\n\t<\/section>\n<\/div>\n    <\/div>\n<\/div>\n<!-- \/module plain text --><!-- module plain text -->\n<div  class=\"module module-plain-text tb_wd7p880 \" data-lazy=\"1\">\n        <div class=\"tb_text_wrap\">\n    <style>\n\n.marquee {\n\t --marquee--colour: #ff0000;\n\t --marquee--repeat-count: 6;\n\t --marquee--base-duration: 1s;\n\t --marquee--repeat-size: calc(100% \/ var(--marquee--repeat-count));\n\t --marquee--double-size: calc(var(--marquee--repeat-size) * 2);\n\t --marquee--duration: calc(var(--marquee--base-duration) * var(--char-count, 20));\n\t overflow: hidden;\n\t width: 110%;\n\t margin-left: -5%;\n\t mix-blend-mode: screen;\n\t transform: rotate(-5deg);\n\t background: var(--marquee--colour);\n\t color: #000;\n\tmargin-top:20px;\n\n}\n .marquee:nth-child(even) {\n\t --marquee--direction: -1;\n\t transform: rotate(5deg);\n\t background: #000;\n\t color: var(--marquee--colour);\n}\n .marquee p {\n\t transform: translateY(0.07em);\n\t font-weight: bold;\n\t margin: 0;\n\t display: flex;\n\t gap: 0.5em;\n\t line-height: 1.1;\n\t font-size: clamp(2.5rem, 12vw, 6.2rem);\n\t font-family: \"Roboto\", sans-serif;\n\t\/* An empty psuedo element creates a gap after the last element *\/\n}\n .marquee p::after {\n\t content: \"*\";\n\t transform: translateY(0.175em);\n}\n .marquee p::before {\n\t content: \"\";\n}\n .marquee--inner {\n\t width: max-content;\n\t display: flex;\n\t text-transform: uppercase;\n}\n @media (prefers-reduced-motion: no-preference) {\n\t .marquee--inner {\n\t\t animation: marquee var(--marquee--duration) infinite linear, reduce-marquee var(--marquee--duration) infinite linear paused;\n\t\t animation-composition: add;\n\t}\n\t .marquee--inner:hover {\n\t\t animation-play-state: running;\n\t}\n}\n @keyframes marquee {\n\t from {\n\t\t transform: translateX(calc((-1 * var(--marquee--double-size)) - (var(--marquee--double-size) * var(--marquee--direction, 1))));\n\t}\n\t to {\n\t\t transform: translateX(calc(var(--marquee--double-size) * -1));\n\t}\n}\n @keyframes reduce-marquee {\n\t from {\n\t\t transform: translateX(calc(var(--marquee--repeat-size) * var(--marquee--direction, 1)));\n\t}\n\t to {\n\t\t transfrom: translateX(calc(var(--marquee--double-size) * -1));\n\t}\n}\n body::before {\n\t content: \"\";\n\t position: fixed;\n\t inset: 0;\n\t background-image: url(https:\/\/images.unsplash.com\/photo-1505356822725-08ad25f3ffe4?q=80&w=1587&auto=format&fit=crop&ixlib=rb-4.0.3&ixid=M3wxMjA3fDB8MHxwaG90by1wYWdlfHx8fGVufDB8fHx8fA%3D%3D);\n\t background-size: cover;\n\t background-position: center;\n\t filter: brightness(0.25);\n}\n body, html {\n\t height: 100%;\n\t margin: 0;\n}\n .marquees {\n\t align-content: center;\n\t height: 100%;\n\t display: grid;\n\t gap: 5vw;\n\t overflow: hidden;\n}\n button {\n\t position: absolute;\n\t top: 20px;\n\t left: 20px;\n}\n button[aria-pressed='true'] {\n\t filter: invert(1);\n}\n [aria-pressed='true'] + * .marquee--inner {\n\t animation-play-state: paused !important;\n}\n <\/style>    <\/div>\n<\/div>\n<!-- \/module plain text -->        <\/div>\n                        <\/div>\n        <\/div>\n                        <div  data-css_id=\"6a36706\" data-lazy=\"1\" class=\"module_row themify_builder_row fullwidth tb_6a36706 tf_w\">\n                        <div class=\"row_inner col_align_top tb_col_count_1 tf_box tf_rel\">\n                        <div  data-lazy=\"1\" class=\"module_column tb-column col-full tb_2uia706 first\">\n                    <!-- module text -->\n<div  class=\"module module-text tb_zkc3706   \" data-lazy=\"1\">\n        <div  class=\"tb_text_wrap\">\n            <\/div>\n<\/div>\n<!-- \/module text --><!-- module text -->\n<div  class=\"module module-text tb_6r6e706 niceshadow  \" data-lazy=\"1\">\n        <div  class=\"tb_text_wrap\">\n            <\/div>\n<\/div>\n<!-- \/module text -->        <\/div>\n                        <\/div>\n        <\/div>\n                        <div  data-lazy=\"1\" class=\"module_row themify_builder_row tb_b9ht962 tf_w\">\n                        <div class=\"row_inner col_align_top tb_col_count_1 tf_box tf_rel\">\n                        <div  data-lazy=\"1\" class=\"module_column tb-column col-full tb_dyjp962 first\">\n                    <!-- module template_part -->\n<div  class=\"module module-layout-part tb_93wg962 \">\n    <div class=\"tb_layout_part_wrap tf_w\"><!--themify_builder_content-->\n    <div  class=\"themify_builder_content themify_builder_content-1285 themify_builder not_editable_builder in_the_loop\" data-postid=\"1285\">\n                        <div  data-css_id=\"uj0i337\" data-lazy=\"1\" class=\"module_row themify_builder_row fullwidth tb_uj0i337 tf_w\">\n                        <div class=\"row_inner col_align_top tb_col_count_1 tf_box tf_rel\">\n                        <div  data-lazy=\"1\" class=\"module_column tb-column col-full tb_7o99440 first\">\n                    <!-- module widget -->\n<div  class=\"module module-widget tb_1mh4027  \" data-lazy=\"1\">\n    <div class=\"widget widget_nav_menu\"><div class=\"menu-sprachefooter-container\"><ul id=\"menu-sprachefooter\" class=\"menu\"><li id=\"menu-item-918\" class=\"trp-language-switcher-container menu-item menu-item-type-post_type menu-item-object-language_switcher current-language-menu-item menu-item-918\"><a href=\"https:\/\/mint-heldinnen.de\/en\/wp-json\/wp\/v2\/pages\/1333#TRPLINKPROCESSED\"><span data-no-translation><span class=\"trp-ls-language-name\">Deutsch<\/span><\/span><\/a><\/li>\n<\/ul><\/div><\/div><\/div>\n<!-- \/module widget -->\n<!-- module widget -->\n<div  class=\"module module-widget tb_brxw457  \" data-lazy=\"1\">\n    <div class=\"widget widget_nav_menu\"><div class=\"menu-datenfooter-container\"><ul id=\"menu-datenfooter\" class=\"menu\"><li id=\"menu-item-1697\" class=\"menu-item menu-item-type-post_type menu-item-object-page menu-item-privacy-policy menu-item-1697\"><a rel=\"privacy-policy\" href=\"https:\/\/mint-heldinnen.de\/en\/datenschutz\/\">Datenschutz<\/a><\/li>\n<\/ul><\/div><\/div><\/div>\n<!-- \/module widget -->\n<!-- module widget -->\n<div  class=\"module module-widget tb_aifc083  \" data-lazy=\"1\">\n    <div class=\"widget widget_nav_menu\"><div class=\"menu-impressumfooter-container\"><ul id=\"menu-impressumfooter\" class=\"menu\"><li id=\"menu-item-1165\" class=\"menu-item menu-item-type-post_type menu-item-object-page menu-item-1165\"><a href=\"https:\/\/mint-heldinnen.de\/en\/impressum\/\">Impressum<\/a><\/li>\n<\/ul><\/div><\/div><\/div>\n<!-- \/module widget -->\n        <\/div>\n                        <\/div>\n        <\/div>\n            <\/div>\n<!--\/themify_builder_content--><\/div>\n<\/div>\n<!-- \/module template_part -->        <\/div>\n                        <\/div>\n        <\/div>\n        <\/div>\n<!--\/themify_builder_content-->","protected":false},"excerpt":{"rendered":"<p>About us \u2013 the MINT heroines<\/p>","protected":false},"author":1,"featured_media":0,"parent":0,"menu_order":0,"comment_status":"closed","ping_status":"closed","template":"","meta":{"footnotes":""},"class_list":["post-1333","page","type-page","status-publish","hentry","has-post-title","has-post-date","has-post-category","has-post-tag","has-post-comment","has-post-author",""],"yoast_head":"<!-- This site is optimized with the Yoast SEO plugin v27.4 - https:\/\/yoast.com\/product\/yoast-seo-wordpress\/ -->\n<title>\u00dcber uns - MINT-Heldinnen<\/title>\n<meta name=\"description\" content=\"Hi, wir sind junge Menschen, die sich mit MINT besch\u00e4ftigen. MINT steht f\u00fcr Mathematik, Informatik, Naturwissenschaft und Technik.\" \/>\n<meta name=\"robots\" content=\"index, follow, max-snippet:-1, max-image-preview:large, max-video-preview:-1\" \/>\n<link rel=\"canonical\" href=\"https:\/\/mint-heldinnen.de\/en\/ueber-uns\/\" \/>\n<meta property=\"og:locale\" content=\"en_US\" \/>\n<meta property=\"og:type\" content=\"article\" \/>\n<meta property=\"og:title\" content=\"\u00dcber uns - MINT-Heldinnen\" \/>\n<meta property=\"og:description\" content=\"Hi, wir sind junge Menschen, die sich mit MINT besch\u00e4ftigen. MINT steht f\u00fcr Mathematik, Informatik, Naturwissenschaft und Technik.\" \/>\n<meta property=\"og:url\" content=\"https:\/\/mint-heldinnen.de\/en\/ueber-uns\/\" \/>\n<meta property=\"og:site_name\" content=\"MINT-Heldinnen\" \/>\n<meta property=\"article:modified_time\" content=\"2024-09-07T09:38:46+00:00\" \/>\n<meta property=\"og:image\" content=\"https:\/\/mint-heldinnen.de\/wp-content\/uploads\/2024\/05\/hi-erdling-m.png\" \/>\n<meta name=\"twitter:card\" content=\"summary_large_image\" \/>\n<meta name=\"twitter:label1\" content=\"Est. reading time\" \/>\n\t<meta name=\"twitter:data1\" content=\"3 minutes\" \/>\n<script type=\"application\/ld+json\" class=\"yoast-schema-graph\">{\"@context\":\"https:\\\/\\\/schema.org\",\"@graph\":[{\"@type\":\"WebPage\",\"@id\":\"https:\\\/\\\/mint-heldinnen.de\\\/ueber-uns\\\/\",\"url\":\"https:\\\/\\\/mint-heldinnen.de\\\/ueber-uns\\\/\",\"name\":\"\u00dcber uns - MINT-Heldinnen\",\"isPartOf\":{\"@id\":\"https:\\\/\\\/mint-heldinnen.de\\\/#website\"},\"primaryImageOfPage\":{\"@id\":\"https:\\\/\\\/mint-heldinnen.de\\\/ueber-uns\\\/#primaryimage\"},\"image\":{\"@id\":\"https:\\\/\\\/mint-heldinnen.de\\\/ueber-uns\\\/#primaryimage\"},\"thumbnailUrl\":\"https:\\\/\\\/mint-heldinnen.de\\\/wp-content\\\/uploads\\\/2024\\\/05\\\/hi-erdling-m.png\",\"datePublished\":\"2024-05-03T14:54:31+00:00\",\"dateModified\":\"2024-09-07T09:38:46+00:00\",\"description\":\"Hi, wir sind junge Menschen, die sich mit MINT besch\u00e4ftigen. MINT steht f\u00fcr Mathematik, Informatik, Naturwissenschaft und Technik.\",\"breadcrumb\":{\"@id\":\"https:\\\/\\\/mint-heldinnen.de\\\/ueber-uns\\\/#breadcrumb\"},\"inLanguage\":\"en-US\",\"potentialAction\":[{\"@type\":\"ReadAction\",\"target\":[\"https:\\\/\\\/mint-heldinnen.de\\\/ueber-uns\\\/\"]}]},{\"@type\":\"ImageObject\",\"inLanguage\":\"en-US\",\"@id\":\"https:\\\/\\\/mint-heldinnen.de\\\/ueber-uns\\\/#primaryimage\",\"url\":\"https:\\\/\\\/mint-heldinnen.de\\\/wp-content\\\/uploads\\\/2024\\\/05\\\/hi-erdling-m.png\",\"contentUrl\":\"https:\\\/\\\/mint-heldinnen.de\\\/wp-content\\\/uploads\\\/2024\\\/05\\\/hi-erdling-m.png\"},{\"@type\":\"BreadcrumbList\",\"@id\":\"https:\\\/\\\/mint-heldinnen.de\\\/ueber-uns\\\/#breadcrumb\",\"itemListElement\":[{\"@type\":\"ListItem\",\"position\":1,\"name\":\"Startseite\",\"item\":\"https:\\\/\\\/mint-heldinnen.de\\\/\"},{\"@type\":\"ListItem\",\"position\":2,\"name\":\"\u00dcber uns\"}]},{\"@type\":\"WebSite\",\"@id\":\"https:\\\/\\\/mint-heldinnen.de\\\/#website\",\"url\":\"https:\\\/\\\/mint-heldinnen.de\\\/\",\"name\":\"MINT-Heldinnen\",\"description\":\"\",\"publisher\":{\"@id\":\"https:\\\/\\\/mint-heldinnen.de\\\/#organization\"},\"potentialAction\":[{\"@type\":\"SearchAction\",\"target\":{\"@type\":\"EntryPoint\",\"urlTemplate\":\"https:\\\/\\\/mint-heldinnen.de\\\/?s={search_term_string}\"},\"query-input\":{\"@type\":\"PropertyValueSpecification\",\"valueRequired\":true,\"valueName\":\"search_term_string\"}}],\"inLanguage\":\"en-US\"},{\"@type\":\"Organization\",\"@id\":\"https:\\\/\\\/mint-heldinnen.de\\\/#organization\",\"name\":\"MINT-Heldinnen\",\"url\":\"https:\\\/\\\/mint-heldinnen.de\\\/\",\"logo\":{\"@type\":\"ImageObject\",\"inLanguage\":\"en-US\",\"@id\":\"https:\\\/\\\/mint-heldinnen.de\\\/#\\\/schema\\\/logo\\\/image\\\/\",\"url\":\"https:\\\/\\\/mint-heldinnen.de\\\/wp-content\\\/uploads\\\/2024\\\/04\\\/MINTHeldinnenLogo.png\",\"contentUrl\":\"https:\\\/\\\/mint-heldinnen.de\\\/wp-content\\\/uploads\\\/2024\\\/04\\\/MINTHeldinnenLogo.png\",\"width\":1800,\"height\":1216,\"caption\":\"MINT-Heldinnen\"},\"image\":{\"@id\":\"https:\\\/\\\/mint-heldinnen.de\\\/#\\\/schema\\\/logo\\\/image\\\/\"},\"sameAs\":[\"https:\\\/\\\/www.instagram.com\\\/mint.heldinnen\\\/\",\"https:\\\/\\\/www.linkedin.com\\\/company\\\/mint-heldinnen\\\/\"]}]}<\/script>\n<!-- \/ Yoast SEO plugin. -->","yoast_head_json":{"title":"About us - STEM Heroines","description":"Hi, we are young people who are interested in STEM. STEM stands for science, technology, engineering, and mathematics.","robots":{"index":"index","follow":"follow","max-snippet":"max-snippet:-1","max-image-preview":"max-image-preview:large","max-video-preview":"max-video-preview:-1"},"canonical":"https:\/\/mint-heldinnen.de\/en\/ueber-uns\/","og_locale":"en_US","og_type":"article","og_title":"\u00dcber uns - MINT-Heldinnen","og_description":"Hi, wir sind junge Menschen, die sich mit MINT besch\u00e4ftigen. MINT steht f\u00fcr Mathematik, Informatik, Naturwissenschaft und Technik.","og_url":"https:\/\/mint-heldinnen.de\/en\/ueber-uns\/","og_site_name":"MINT-Heldinnen","article_modified_time":"2024-09-07T09:38:46+00:00","og_image":[{"url":"https:\/\/mint-heldinnen.de\/wp-content\/uploads\/2024\/05\/hi-erdling-m.png","type":"","width":"","height":""}],"twitter_card":"summary_large_image","twitter_misc":{"Est. reading time":"3 minutes"},"schema":{"@context":"https:\/\/schema.org","@graph":[{"@type":"WebPage","@id":"https:\/\/mint-heldinnen.de\/ueber-uns\/","url":"https:\/\/mint-heldinnen.de\/ueber-uns\/","name":"About us - STEM Heroines","isPartOf":{"@id":"https:\/\/mint-heldinnen.de\/#website"},"primaryImageOfPage":{"@id":"https:\/\/mint-heldinnen.de\/ueber-uns\/#primaryimage"},"image":{"@id":"https:\/\/mint-heldinnen.de\/ueber-uns\/#primaryimage"},"thumbnailUrl":"https:\/\/mint-heldinnen.de\/wp-content\/uploads\/2024\/05\/hi-erdling-m.png","datePublished":"2024-05-03T14:54:31+00:00","dateModified":"2024-09-07T09:38:46+00:00","description":"Hi, we are young people who are interested in STEM. STEM stands for science, technology, engineering, and mathematics.","breadcrumb":{"@id":"https:\/\/mint-heldinnen.de\/ueber-uns\/#breadcrumb"},"inLanguage":"en-US","potentialAction":[{"@type":"ReadAction","target":["https:\/\/mint-heldinnen.de\/ueber-uns\/"]}]},{"@type":"ImageObject","inLanguage":"en-US","@id":"https:\/\/mint-heldinnen.de\/ueber-uns\/#primaryimage","url":"https:\/\/mint-heldinnen.de\/wp-content\/uploads\/2024\/05\/hi-erdling-m.png","contentUrl":"https:\/\/mint-heldinnen.de\/wp-content\/uploads\/2024\/05\/hi-erdling-m.png"},{"@type":"BreadcrumbList","@id":"https:\/\/mint-heldinnen.de\/ueber-uns\/#breadcrumb","itemListElement":[{"@type":"ListItem","position":1,"name":"Startseite","item":"https:\/\/mint-heldinnen.de\/"},{"@type":"ListItem","position":2,"name":"\u00dcber uns"}]},{"@type":"WebSite","@id":"https:\/\/mint-heldinnen.de\/#website","url":"https:\/\/mint-heldinnen.de\/","name":"STEM heroines","description":"","publisher":{"@id":"https:\/\/mint-heldinnen.de\/#organization"},"potentialAction":[{"@type":"SearchAction","target":{"@type":"EntryPoint","urlTemplate":"https:\/\/mint-heldinnen.de\/?s={search_term_string}"},"query-input":{"@type":"PropertyValueSpecification","valueRequired":true,"valueName":"search_term_string"}}],"inLanguage":"en-US"},{"@type":"Organization","@id":"https:\/\/mint-heldinnen.de\/#organization","name":"STEM heroines","url":"https:\/\/mint-heldinnen.de\/","logo":{"@type":"ImageObject","inLanguage":"en-US","@id":"https:\/\/mint-heldinnen.de\/#\/schema\/logo\/image\/","url":"https:\/\/mint-heldinnen.de\/wp-content\/uploads\/2024\/04\/MINTHeldinnenLogo.png","contentUrl":"https:\/\/mint-heldinnen.de\/wp-content\/uploads\/2024\/04\/MINTHeldinnenLogo.png","width":1800,"height":1216,"caption":"MINT-Heldinnen"},"image":{"@id":"https:\/\/mint-heldinnen.de\/#\/schema\/logo\/image\/"},"sameAs":["https:\/\/www.instagram.com\/mint.heldinnen\/","https:\/\/www.linkedin.com\/company\/mint-heldinnen\/"]}]}},"builder_content":"<h1 style=\"text-align: center;\">\u00dcber uns \u2013 die MINT-Heldinnen<\/h1>\n<img src=\"https:\/\/mint-heldinnen.de\/wp-content\/uploads\/2024\/05\/hi-erdling-m.png\" title=\"hi-erdling-m\" alt=\"hi-erdling-m\" srcset=\"https:\/\/mint-heldinnen.de\/wp-content\/uploads\/2024\/05\/hi-erdling-m.png 1658w, https:\/\/mint-heldinnen.de\/wp-content\/uploads\/2024\/05\/hi-erdling-m-300x226.png 300w, https:\/\/mint-heldinnen.de\/wp-content\/uploads\/2024\/05\/hi-erdling-m-1024x770.png 1024w, https:\/\/mint-heldinnen.de\/wp-content\/uploads\/2024\/05\/hi-erdling-m-768x578.png 768w, https:\/\/mint-heldinnen.de\/wp-content\/uploads\/2024\/05\/hi-erdling-m-1536x1155.png 1536w, https:\/\/mint-heldinnen.de\/wp-content\/uploads\/2024\/05\/hi-erdling-m-16x12.png 16w\" sizes=\"(max-width: 1658px) 100vw, 1658px\" \/>\n<p style=\"text-align: center;\">Hi,\u00a0<\/p> <p style=\"text-align: center;\">wir sind junge Menschen, die sich mit MINT besch\u00e4ftigen. MINT steht f\u00fcr Mathematik, Informatik, Naturwissenschaft und Technik.\u00a0<\/p> <p style=\"text-align: center;\">Wir haben ein Hauptquartier in Berlin-Siemensstadt. Wir sind beherbergt beim WvSC e.V. \u2013 das ist das Werner von Siemens Centre for Industrie and Science \u2013 und bei INGenius an der TU Berlin. Wir haben da R\u00e4ume, Technik, Trainer*innen, viel Unterst\u00fctzung und Fantasie. <a href=\"\/team\">\u203a Das Team<\/a><\/p> <p style=\"text-align: center;\">Wir wollen vor allem junge Frauen und M\u00e4dchen f\u00f6rdern. Wir glauben, das ist wichtig und gut. Es d\u00fcrfen aber alle jungen Menschen mitmachen, so zwischen 10 und 16 Jahren.<\/p> <p style=\"text-align: center;\">Ihr seid die Zukunft und das wird unterst\u00fctzt und gef\u00f6rdert und zwar vom Bundesministerium f\u00fcr Bildung und Forschung. Es gibt MINT-Projekte in ganz Deutschland und wir sind eines davon. Vielen Dank.<\/p> <p style=\"text-align: center;\">Organisiert und durchgef\u00fchrt werden die MINT-Heldinnen vom WvSC, der TU-Berlin und Berlin Realities. Das ist eine verr\u00fcckte Mischung, denn das Ministerium will das alles m\u00f6glichst vielf\u00e4ltig ist. Gut.\u00a0<\/p> <p style=\"text-align: center;\">Wir haben verschiedene <a href=\"\/events\">Kurse und Events<\/a>. Jede*r ist willkommen. Mach doch mit. Wir freuen uns.<\/p>\n<section class='marquee' style='--char-count: 28'> <p>Mach mit!<\/p> <p aria-hidden='true'>Mach mit!<\/p> <p aria-hidden='true'>Mach mit!<\/p> <p aria-hidden='true'>Mach mit!<\/p> <p aria-hidden='true'>Mach mit!<\/p> <p aria-hidden='true'>Mach mit!<\/p> <\/section>\n <p>Du hast ein Hirn in deinem Kopf<\/p> <p aria-hidden='true'>Du hast ein Hirn in deinem Kopf<\/p> <p aria-hidden='true'>Du hast ein Hirn in deinem Kopf<\/p> <p aria-hidden='true'>Du hast ein Hirn in deinem Kopf<\/p> <p aria-hidden='true'>Du hast ein Hirn in deinem Kopf<\/p> <p aria-hidden='true'>Du hast ein Hirn in deinem Kopf<\/p> \n <section class='marquee' style='--char-count: 22'> <p>Willommen!<\/p> <p aria-hidden='true'>Willkommen!<\/p> <p aria-hidden='true'>Willkommen!<\/p> <p aria-hidden='true'>Willkommen!<\/p> <p aria-hidden='true'>Willkommen!<\/p> <p aria-hidden='true'>Willkommen!<\/p> <\/section>\n <section class='marquee' style='--char-count: 24'> <p>MINT-Heldinnen<\/p> <p aria-hidden='true'>MINT-Heldinnen<\/p> <p aria-hidden='true'>MINT-Heldinnen<\/p> <p aria-hidden='true'>MINT-Heldinnen<\/p> <p aria-hidden='true'>MINT-Heldinnen<\/p> <p aria-hidden='true'>MINT-Heldinnen<\/p> <\/section>\n\n\n","_links":{"self":[{"href":"https:\/\/mint-heldinnen.de\/en\/wp-json\/wp\/v2\/pages\/1333","targetHints":{"allow":["GET"]}}],"collection":[{"href":"https:\/\/mint-heldinnen.de\/en\/wp-json\/wp\/v2\/pages"}],"about":[{"href":"https:\/\/mint-heldinnen.de\/en\/wp-json\/wp\/v2\/types\/page"}],"author":[{"embeddable":true,"href":"https:\/\/mint-heldinnen.de\/en\/wp-json\/wp\/v2\/users\/1"}],"replies":[{"embeddable":true,"href":"https:\/\/mint-heldinnen.de\/en\/wp-json\/wp\/v2\/comments?post=1333"}],"version-history":[{"count":174,"href":"https:\/\/mint-heldinnen.de\/en\/wp-json\/wp\/v2\/pages\/1333\/revisions"}],"predecessor-version":[{"id":5402,"href":"https:\/\/mint-heldinnen.de\/en\/wp-json\/wp\/v2\/pages\/1333\/revisions\/5402"}],"wp:attachment":[{"href":"https:\/\/mint-heldinnen.de\/en\/wp-json\/wp\/v2\/media?parent=1333"}],"curies":[{"name":"wp","href":"https:\/\/api.w.org\/{rel}","templated":true}]}}